{"id":1792,"date":"2022-08-01T17:26:00","date_gmt":"2022-08-01T15:26:00","guid":{"rendered":"https:\/\/solene.qodeinteractive.com\/elementor\/?page_id=1792"},"modified":"2022-11-24T21:51:07","modified_gmt":"2022-11-24T20:51:07","slug":"contact-international-weddings-munich","status":"publish","type":"page","link":"https:\/\/double-you-weddings.com\/de\/kontakt-internationale-hochzeiten-munchen\/","title":{"rendered":"Kontakt"},"content":{"rendered":"<div data-elementor-type=\"wp-page\" data-elementor-id=\"1792\" class=\"elementor elementor-1792\">\n\t\t\t\t\t\t<section class=\"elementor-section elementor-top-section elementor-element elementor-element-4f8f25b elementor-section-boxed elementor-section-height-default elementor-section-height-default eltdf-parallax-row-no eltdf-content-aligment-left eltdf-elementor-row-grid-no eltdf-disabled-bg-image-bellow-no\" data-id=\"4f8f25b\" data-element_type=\"section\">\n\t\t\t\t\t\t<div class=\"elementor-container elementor-column-gap-default\">\n\t\t\t\t\t<div class=\"elementor-column elementor-col-100 elementor-top-column elementor-element elementor-element-a7bb8f6\" data-id=\"a7bb8f6\" data-element_type=\"column\">\n\t\t\t<div class=\"elementor-widget-wrap elementor-element-populated\">\n\t\t\t\t\t\t<div class=\"elementor-element elementor-element-f53d183 elementor-widget elementor-widget-heading\" data-id=\"f53d183\" data-element_type=\"widget\" data-widget_type=\"heading.default\">\n\t\t\t\t<div class=\"elementor-widget-container\">\n\t\t\t\t\t<h1 class=\"elementor-heading-title elementor-size-default\">Get in touch<\/h1>\t\t\t\t<\/div>\n\t\t\t\t<\/div>\n\t\t\t\t\t<\/div>\n\t\t<\/div>\n\t\t\t\t\t<\/div>\n\t\t<\/section>\n\t\t\t\t<section class=\"elementor-section elementor-top-section elementor-element elementor-element-d3dc085 elementor-section-boxed elementor-section-height-default elementor-section-height-default eltdf-parallax-row-no eltdf-content-aligment-left eltdf-elementor-row-grid-no eltdf-disabled-bg-image-bellow-no\" data-id=\"d3dc085\" data-element_type=\"section\">\n\t\t\t\t\t\t<div class=\"elementor-container elementor-column-gap-default\">\n\t\t\t\t\t<div class=\"elementor-column elementor-col-100 elementor-top-column elementor-element elementor-element-fc43ea4\" data-id=\"fc43ea4\" data-element_type=\"column\">\n\t\t\t<div class=\"elementor-widget-wrap elementor-element-populated\">\n\t\t\t\t\t\t<div class=\"elementor-element elementor-element-a482d11 elementor-widget elementor-widget-spacer\" data-id=\"a482d11\" data-element_type=\"widget\" data-widget_type=\"spacer.default\">\n\t\t\t\t<div class=\"elementor-widget-container\">\n\t\t\t\t\t\t\t<div class=\"elementor-spacer\">\n\t\t\t<div class=\"elementor-spacer-inner\"><\/div>\n\t\t<\/div>\n\t\t\t\t\t\t<\/div>\n\t\t\t\t<\/div>\n\t\t\t\t\t<\/div>\n\t\t<\/div>\n\t\t\t\t\t<\/div>\n\t\t<\/section>\n\t\t\t\t<section class=\"elementor-section elementor-top-section elementor-element elementor-element-9878a3a elementor-section-stretched elementor-section-boxed elementor-section-height-default elementor-section-height-default eltdf-parallax-row-no eltdf-content-aligment-left eltdf-elementor-row-grid-no eltdf-disabled-bg-image-bellow-no\" data-id=\"9878a3a\" data-element_type=\"section\" data-settings=\"{&quot;stretch_section&quot;:&quot;section-stretched&quot;}\">\n\t\t\t\t\t\t<div class=\"elementor-container elementor-column-gap-wide\">\n\t\t\t\t\t<div class=\"elementor-column elementor-col-33 elementor-top-column elementor-element elementor-element-20717a6\" data-id=\"20717a6\" data-element_type=\"column\">\n\t\t\t<div class=\"elementor-widget-wrap elementor-element-populated\">\n\t\t\t\t\t\t<div class=\"elementor-element elementor-element-0a64472 elementor-widget elementor-widget-image\" data-id=\"0a64472\" data-element_type=\"widget\" data-widget_type=\"image.default\">\n\t\t\t\t<div class=\"elementor-widget-container\">\n\t\t\t\t\t\t\t\t\t\t\t\t\t\t\t<img fetchpriority=\"high\" decoding=\"async\" width=\"768\" height=\"1024\" src=\"https:\/\/double-you-weddings.com\/wp-content\/uploads\/2022\/07\/Double-You-Weddings-Munich-Katarina-Winbush-Wedding-Planner-768x1024.png\" class=\"attachment-large size-large wp-image-6460\" alt=\"Internationale Hochzeitsplanerin M\u00fcnchen, Deutschland, Slowenien, Kroatien, Italien, Spanien, Europa\" srcset=\"https:\/\/double-you-weddings.com\/wp-content\/uploads\/2022\/07\/Double-You-Weddings-Munich-Katarina-Winbush-Wedding-Planner-768x1024.png 768w, https:\/\/double-you-weddings.com\/wp-content\/uploads\/2022\/07\/Double-You-Weddings-Munich-Katarina-Winbush-Wedding-Planner-225x300.png 225w, https:\/\/double-you-weddings.com\/wp-content\/uploads\/2022\/07\/Double-You-Weddings-Munich-Katarina-Winbush-Wedding-Planner-1152x1536.png 1152w, https:\/\/double-you-weddings.com\/wp-content\/uploads\/2022\/07\/Double-You-Weddings-Munich-Katarina-Winbush-Wedding-Planner.png 1536w\" sizes=\"(max-width: 768px) 100vw, 768px\" \/>\t\t\t\t\t\t\t\t\t\t\t\t\t\t\t<\/div>\n\t\t\t\t<\/div>\n\t\t\t\t<div class=\"elementor-element elementor-element-82c0c24 elementor-shape-rounded elementor-grid-0 e-grid-align-center elementor-widget elementor-widget-social-icons\" data-id=\"82c0c24\" data-element_type=\"widget\" data-widget_type=\"social-icons.default\">\n\t\t\t\t<div class=\"elementor-widget-container\">\n\t\t\t\t\t\t\t<div class=\"elementor-social-icons-wrapper elementor-grid\">\n\t\t\t\t\t\t\t<span class=\"elementor-grid-item\">\n\t\t\t\t\t<a class=\"elementor-icon elementor-social-icon elementor-social-icon-facebook elementor-repeater-item-2735332\" href=\"https:\/\/www.facebook.com\/profile.php?id=100082235456567\" target=\"_blank\">\n\t\t\t\t\t\t<span class=\"elementor-screen-only\">Facebook<\/span>\n\t\t\t\t\t\t<i class=\"fab fa-facebook\"><\/i>\t\t\t\t\t<\/a>\n\t\t\t\t<\/span>\n\t\t\t\t\t\t\t<span class=\"elementor-grid-item\">\n\t\t\t\t\t<a class=\"elementor-icon elementor-social-icon elementor-social-icon-instagram elementor-repeater-item-f336c53\" href=\"https:\/\/www.instagram.com\/double_you_weddings\/\" target=\"_blank\">\n\t\t\t\t\t\t<span class=\"elementor-screen-only\">Instagram<\/span>\n\t\t\t\t\t\t<i class=\"fab fa-instagram\"><\/i>\t\t\t\t\t<\/a>\n\t\t\t\t<\/span>\n\t\t\t\t\t<\/div>\n\t\t\t\t\t\t<\/div>\n\t\t\t\t<\/div>\n\t\t\t\t\t<\/div>\n\t\t<\/div>\n\t\t\t\t<div class=\"elementor-column elementor-col-66 elementor-top-column elementor-element elementor-element-039b0fb\" data-id=\"039b0fb\" data-element_type=\"column\">\n\t\t\t<div class=\"elementor-widget-wrap elementor-element-populated\">\n\t\t\t\t\t\t<div class=\"elementor-element elementor-element-fe6196a elementor-widget elementor-widget-text-editor\" data-id=\"fe6196a\" data-element_type=\"widget\" data-widget_type=\"text-editor.default\">\n\t\t\t\t<div class=\"elementor-widget-container\">\n\t\t\t\t\t\t\t\t\t<p>In einem ersten kostenlosen Beratungsgespr\u00e4ch werden wir \u00fcber eure Bed\u00fcrfnisse, W\u00fcnsche und M\u00f6glichkeiten unserer Zusammenarbeit sprechen.<\/p><p>Ihr k\u00f6nnt uns auf Englisch, Deutsch oder Spanisch, kontaktieren.<\/p><p>\u00a0<\/p>\t\t\t\t\t\t\t\t<\/div>\n\t\t\t\t<\/div>\n\t\t\t\t<div class=\"elementor-element elementor-element-7a11301 elementor-invisible elementor-widget elementor-widget-heading\" data-id=\"7a11301\" data-element_type=\"widget\" data-settings=\"{&quot;_animation&quot;:&quot;fadeIn&quot;}\" data-widget_type=\"heading.default\">\n\t\t\t\t<div class=\"elementor-widget-container\">\n\t\t\t\t\t<h5 class=\"elementor-heading-title elementor-size-large\">Wir freuen uns, euch kennenzulernen.<\/h5>\t\t\t\t<\/div>\n\t\t\t\t<\/div>\n\t\t\t\t<div class=\"elementor-element elementor-element-c5a85a7 elementor-widget elementor-widget-eltdf_cf7\" data-id=\"c5a85a7\" data-element_type=\"widget\" data-widget_type=\"eltdf_cf7.default\">\n\t\t\t\t<div class=\"elementor-widget-container\">\n\t\t\t\t\t    \n<div class=\"wpcf7 no-js\" id=\"wpcf7-f13-o1\" lang=\"en-US\" dir=\"ltr\">\n<div class=\"screen-reader-response\"><p role=\"status\" aria-live=\"polite\" aria-atomic=\"true\"><\/p> <ul><\/ul><\/div>\n<form action=\"\/de\/wp-json\/wp\/v2\/pages\/1792#wpcf7-f13-o1\" method=\"post\" class=\"wpcf7-form init\" aria-label=\"Contact form\" novalidate=\"novalidate\" data-status=\"init\" data-trp-original-action=\"\/de\/wp-json\/wp\/v2\/pages\/1792#wpcf7-f13-o1\">\n<div style=\"display: none;\">\n<input type=\"hidden\" name=\"_wpcf7\" value=\"13\" \/>\n<input type=\"hidden\" name=\"_wpcf7_version\" value=\"5.9.8\" \/>\n<input type=\"hidden\" name=\"_wpcf7_locale\" value=\"en_US\" \/>\n<input type=\"hidden\" name=\"_wpcf7_unit_tag\" value=\"wpcf7-f13-o1\" \/>\n<input type=\"hidden\" name=\"_wpcf7_container_post\" value=\"0\" \/>\n<input type=\"hidden\" name=\"_wpcf7_posted_data_hash\" value=\"\" \/>\n<\/div>\n<div class=\"eltdf-custom-cf\">\n<div class=\"eltdf-grid-list eltdf-two-columns eltdf-normal-space clearfix\"><div class=\"eltdf-outer-space\">\n<div class=\"eltdf-item-space\"><span class=\"wpcf7-form-control-wrap\" data-name=\"your-name\"><input size=\"40\" maxlength=\"400\" class=\"wpcf7-form-control wpcf7-text wpcf7-validates-as-required\" aria-required=\"true\" aria-invalid=\"false\" placeholder=\"name\" value=\"\" type=\"text\" name=\"your-name\" \/><\/span><\/div>\n<div class=\"eltdf-item-space\"><span class=\"wpcf7-form-control-wrap\" data-name=\"your-email\"><input size=\"40\" maxlength=\"400\" class=\"wpcf7-form-control wpcf7-email wpcf7-validates-as-required wpcf7-text wpcf7-validates-as-email\" aria-required=\"true\" aria-invalid=\"false\" placeholder=\"e-mail\" value=\"\" type=\"email\" name=\"your-email\" \/><\/span><\/div>\n<div class=\"eltdf-item-space\"><span class=\"wpcf7-form-control-wrap\" data-name=\"your-date\"><input size=\"40\" maxlength=\"400\" class=\"wpcf7-form-control wpcf7-text\" aria-invalid=\"false\" placeholder=\"Hochzeit Datum (falls bekannt)\" value=\"\" type=\"text\" name=\"your-date\" \/><\/span><\/div>\n<div class=\"eltdf-item-space\"><span class=\"wpcf7-form-control-wrap\" data-name=\"your-address\"><input size=\"40\" maxlength=\"400\" class=\"wpcf7-form-control wpcf7-text\" aria-invalid=\"false\" placeholder=\"Hochzeit Ort (falls bekannt)\" value=\"\" type=\"text\" name=\"your-address\" \/><\/span><\/div><\/div><\/div>\n<span class=\"wpcf7-form-control-wrap\" data-name=\"your-message\"><textarea cols=\"40\" rows=\"6\" maxlength=\"2000\" class=\"wpcf7-form-control wpcf7-textarea\" aria-invalid=\"false\" placeholder=\"erz\u00e4hl mir mehr\" name=\"your-message\"><\/textarea><\/span>\n\n<span class=\"wpcf7-form-control-wrap\" data-name=\"dsgvo\"><span class=\"wpcf7-form-control wpcf7-acceptance\"><span class=\"wpcf7-list-item\"><label><input type=\"checkbox\" name=\"dsgvo\" value=\"1\" aria-invalid=\"false\" \/><span class=\"wpcf7-list-item-label\">Hiermit best\u00e4tige ich, die Datenschutzerkl\u00e4rung gelesen und verstanden habe. <a href=\"https:\/\/double-you-weddings.com\/data-protection-datenschutz\/\">Zur Datenschutzerkl\u00e4rung<\/a>.<\/span><\/label><\/span><\/span><\/span>\n<\/br>\n<\/br>\n\n\n<button class=\"wpcf7-form-control wpcf7-submit eltdf-btn eltdf-btn-large eltdf-btn-solid\" type=\"submit\"><span class=\"eltdf-btn-text\">Senden<\/span><\/button>\n<\/div><p style=\"display: none !important;\" class=\"akismet-fields-container\" data-prefix=\"_wpcf7_ak_\"><label>&#916;<textarea name=\"_wpcf7_ak_hp_textarea\" cols=\"45\" rows=\"8\" maxlength=\"100\"><\/textarea><\/label><input type=\"hidden\" id=\"ak_js_1\" name=\"_wpcf7_ak_js\" value=\"214\"\/><script>document.getElementById( \"ak_js_1\" ).setAttribute( \"value\", ( new Date() ).getTime() );<\/script><\/p><div class=\"wpcf7-response-output\" aria-hidden=\"true\"><\/div>\n<input type=\"hidden\" name=\"trp-form-language\" value=\"de\"\/><\/form>\n<\/div>\n\t\t\t\t<\/div>\n\t\t\t\t<\/div>\n\t\t\t\t\t<\/div>\n\t\t<\/div>\n\t\t\t\t\t<\/div>\n\t\t<\/section>\n\t\t\t\t<section class=\"elementor-section elementor-top-section elementor-element elementor-element-fe6d75d elementor-section-stretched elementor-section-boxed elementor-section-height-default elementor-section-height-default eltdf-parallax-row-no eltdf-content-aligment-left eltdf-elementor-row-grid-no eltdf-disabled-bg-image-bellow-no\" data-id=\"fe6d75d\" data-element_type=\"section\" data-settings=\"{&quot;background_background&quot;:&quot;classic&quot;,&quot;stretch_section&quot;:&quot;section-stretched&quot;}\">\n\t\t\t\t\t\t<div class=\"elementor-container elementor-column-gap-default\">\n\t\t\t\t\t<div class=\"elementor-column elementor-col-100 elementor-top-column elementor-element elementor-element-c663ebf\" data-id=\"c663ebf\" data-element_type=\"column\">\n\t\t\t<div class=\"elementor-widget-wrap elementor-element-populated\">\n\t\t\t\t\t\t<div class=\"elementor-element elementor-element-a8dca66 elementor-invisible elementor-widget elementor-widget-image\" data-id=\"a8dca66\" data-element_type=\"widget\" data-settings=\"{&quot;_animation&quot;:&quot;fadeIn&quot;}\" data-widget_type=\"image.default\">\n\t\t\t\t<div class=\"elementor-widget-container\">\n\t\t\t\t\t\t\t\t\t\t\t\t\t\t\t<img decoding=\"async\" width=\"300\" height=\"150\" src=\"https:\/\/double-you-weddings.com\/wp-content\/uploads\/2022\/07\/Double-You-Weddings-Munich-3-1-300x150.png\" class=\"attachment-medium size-medium wp-image-6300\" alt=\"Double You Weddings Katarina Winbush Wedding Planner Munich International weddings\" srcset=\"https:\/\/double-you-weddings.com\/wp-content\/uploads\/2022\/07\/Double-You-Weddings-Munich-3-1-300x150.png 300w, https:\/\/double-you-weddings.com\/wp-content\/uploads\/2022\/07\/Double-You-Weddings-Munich-3-1-1024x512.png 1024w, https:\/\/double-you-weddings.com\/wp-content\/uploads\/2022\/07\/Double-You-Weddings-Munich-3-1-768x384.png 768w, https:\/\/double-you-weddings.com\/wp-content\/uploads\/2022\/07\/Double-You-Weddings-Munich-3-1-1536x768.png 1536w, https:\/\/double-you-weddings.com\/wp-content\/uploads\/2022\/07\/Double-You-Weddings-Munich-3-1-1300x650.png 1300w\" sizes=\"(max-width: 300px) 100vw, 300px\" \/>\t\t\t\t\t\t\t\t\t\t\t\t\t\t\t<\/div>\n\t\t\t\t<\/div>\n\t\t\t\t\t<\/div>\n\t\t<\/div>\n\t\t\t\t\t<\/div>\n\t\t<\/section>\n\t\t\t\t<\/div>","protected":false},"excerpt":{"rendered":"<p>Get in touch Facebook Instagram In the first, of course free consultation we will talk about your needs and wishes and possibilities to work together. Feel free to contact us in English, German, Spanish, Slovenian or Croatian. \u00a0 We&#8217;re looking forward to meeting you. I hereby confirm that I have read and understood the Privacy Policy. Send [&hellip;]<\/p>\n","protected":false},"author":1,"featured_media":8380,"parent":0,"menu_order":0,"comment_status":"closed","ping_status":"closed","template":"","meta":{"footnotes":""},"yoast_head":"<!-- This site is optimized with the Yoast SEO plugin v23.5 - https:\/\/yoast.com\/wordpress\/plugins\/seo\/ -->\n<title>Contact - Double You Weddings by Katarina Winbush<\/title>\n<meta name=\"description\" content=\"We love planning international, multicultural, diverse weddings. You can contact us in English, German, Spanish, Slovenian and Croatian.\" \/>\n<meta name=\"robots\" content=\"index, follow, max-snippet:-1, max-image-preview:large, max-video-preview:-1\" \/>\n<link rel=\"canonical\" href=\"https:\/\/double-you-weddings.com\/de\/kontakt-internationale-hochzeiten-munchen\/\" \/>\n<meta property=\"og:locale\" content=\"de_DE\" \/>\n<meta property=\"og:type\" content=\"article\" \/>\n<meta property=\"og:title\" content=\"Contact International wedding planner in Munich.\" \/>\n<meta property=\"og:description\" content=\"We plan international, multicultural, diverse weddings. You can contact us in English, German, Spanish, Slovenian and Croatian.\" \/>\n<meta property=\"og:url\" content=\"https:\/\/double-you-weddings.com\/de\/kontakt-internationale-hochzeiten-munchen\/\" \/>\n<meta property=\"og:site_name\" content=\"Double You Weddings by Katarina Winbush\" \/>\n<meta property=\"article:publisher\" content=\"https:\/\/www.facebook.com\/profile.php?id=100082235456567\" \/>\n<meta property=\"article:modified_time\" content=\"2022-11-24T20:51:07+00:00\" \/>\n<meta property=\"og:image\" content=\"https:\/\/double-you-weddings.com\/wp-content\/uploads\/2022\/11\/pexels-kyle-roxas-2122351-scaled.jpg\" \/>\n\t<meta property=\"og:image:width\" content=\"1706\" \/>\n\t<meta property=\"og:image:height\" content=\"2560\" \/>\n\t<meta property=\"og:image:type\" content=\"image\/jpeg\" \/>\n<meta name=\"twitter:card\" content=\"summary_large_image\" \/>\n<meta name=\"twitter:label1\" content=\"Gesch\u00e4tzte Lesezeit\" \/>\n\t<meta name=\"twitter:data1\" content=\"1 Minute\" \/>\n<script type=\"application\/ld+json\" class=\"yoast-schema-graph\">{\"@context\":\"https:\/\/schema.org\",\"@graph\":[{\"@type\":\"WebPage\",\"@id\":\"https:\/\/double-you-weddings.com\/contact-international-weddings-munich\/\",\"url\":\"https:\/\/double-you-weddings.com\/contact-international-weddings-munich\/\",\"name\":\"Contact - Double You Weddings by Katarina Winbush\",\"isPartOf\":{\"@id\":\"https:\/\/double-you-weddings.com\/#website\"},\"primaryImageOfPage\":{\"@id\":\"https:\/\/double-you-weddings.com\/contact-international-weddings-munich\/#primaryimage\"},\"image\":{\"@id\":\"https:\/\/double-you-weddings.com\/contact-international-weddings-munich\/#primaryimage\"},\"thumbnailUrl\":\"https:\/\/double-you-weddings.com\/wp-content\/uploads\/2022\/11\/pexels-kyle-roxas-2122351-scaled.jpg\",\"datePublished\":\"2022-08-01T15:26:00+00:00\",\"dateModified\":\"2022-11-24T20:51:07+00:00\",\"description\":\"We love planning international, multicultural, diverse weddings. You can contact us in English, German, Spanish, Slovenian and Croatian.\",\"breadcrumb\":{\"@id\":\"https:\/\/double-you-weddings.com\/contact-international-weddings-munich\/#breadcrumb\"},\"inLanguage\":\"de-DE\",\"potentialAction\":[{\"@type\":\"ReadAction\",\"target\":[\"https:\/\/double-you-weddings.com\/contact-international-weddings-munich\/\"]}]},{\"@type\":\"ImageObject\",\"inLanguage\":\"de-DE\",\"@id\":\"https:\/\/double-you-weddings.com\/contact-international-weddings-munich\/#primaryimage\",\"url\":\"https:\/\/double-you-weddings.com\/wp-content\/uploads\/2022\/11\/pexels-kyle-roxas-2122351-scaled.jpg\",\"contentUrl\":\"https:\/\/double-you-weddings.com\/wp-content\/uploads\/2022\/11\/pexels-kyle-roxas-2122351-scaled.jpg\",\"width\":1706,\"height\":2560,\"caption\":\"contact wedding planner\"},{\"@type\":\"BreadcrumbList\",\"@id\":\"https:\/\/double-you-weddings.com\/contact-international-weddings-munich\/#breadcrumb\",\"itemListElement\":[{\"@type\":\"ListItem\",\"position\":1,\"name\":\"Home\",\"item\":\"https:\/\/double-you-weddings.com\/\"},{\"@type\":\"ListItem\",\"position\":2,\"name\":\"Contact\"}]},{\"@type\":\"WebSite\",\"@id\":\"https:\/\/double-you-weddings.com\/#website\",\"url\":\"https:\/\/double-you-weddings.com\/\",\"name\":\"Double You Weddings by Katarina Winbush\",\"description\":\"International Wedding Planner Munich\",\"publisher\":{\"@id\":\"https:\/\/double-you-weddings.com\/#organization\"},\"potentialAction\":[{\"@type\":\"SearchAction\",\"target\":{\"@type\":\"EntryPoint\",\"urlTemplate\":\"https:\/\/double-you-weddings.com\/?s={search_term_string}\"},\"query-input\":{\"@type\":\"PropertyValueSpecification\",\"valueRequired\":true,\"valueName\":\"search_term_string\"}}],\"inLanguage\":\"de-DE\"},{\"@type\":\"Organization\",\"@id\":\"https:\/\/double-you-weddings.com\/#organization\",\"name\":\"Double You Weddings - Exclusive, High-end Wedding Planner Munich\",\"url\":\"https:\/\/double-you-weddings.com\/\",\"logo\":{\"@type\":\"ImageObject\",\"inLanguage\":\"de-DE\",\"@id\":\"https:\/\/double-you-weddings.com\/#\/schema\/logo\/image\/\",\"url\":\"https:\/\/double-you-weddings.com\/wp-content\/uploads\/2022\/07\/Double-You-Weddings-Munich-Katarina-Winbush-round-logo-orig-1.png\",\"contentUrl\":\"https:\/\/double-you-weddings.com\/wp-content\/uploads\/2022\/07\/Double-You-Weddings-Munich-Katarina-Winbush-round-logo-orig-1.png\",\"width\":1200,\"height\":1200,\"caption\":\"Double You Weddings - Exclusive, High-end Wedding Planner Munich\"},\"image\":{\"@id\":\"https:\/\/double-you-weddings.com\/#\/schema\/logo\/image\/\"},\"sameAs\":[\"https:\/\/www.facebook.com\/profile.php?id=100082235456567\",\"https:\/\/www.instagram.com\/double_you_weddings\/\"]}]}<\/script>\n<!-- \/ Yoast SEO plugin. -->","yoast_head_json":{"title":"Kontakt - Double You Weddings by Katarina Winbush","description":"Wir lieben es, internationale, multikulturelle und vielf\u00e4ltige Hochzeiten zu planen. Ihr k\u00f6nnt uns auf Englisch, Deutsch, Spanisch, Slowenisch und Kroatisch kontaktieren.","robots":{"index":"index","follow":"follow","max-snippet":"max-snippet:-1","max-image-preview":"max-image-preview:large","max-video-preview":"max-video-preview:-1"},"canonical":"https:\/\/double-you-weddings.com\/de\/kontakt-internationale-hochzeiten-munchen\/","og_locale":"de_DE","og_type":"article","og_title":"Contact International wedding planner in Munich.","og_description":"We plan international, multicultural, diverse weddings. You can contact us in English, German, Spanish, Slovenian and Croatian.","og_url":"https:\/\/double-you-weddings.com\/de\/kontakt-internationale-hochzeiten-munchen\/","og_site_name":"Double You Weddings by Katarina Winbush","article_publisher":"https:\/\/www.facebook.com\/profile.php?id=100082235456567","article_modified_time":"2022-11-24T20:51:07+00:00","og_image":[{"width":1706,"height":2560,"url":"https:\/\/double-you-weddings.com\/wp-content\/uploads\/2022\/11\/pexels-kyle-roxas-2122351-scaled.jpg","type":"image\/jpeg"}],"twitter_card":"summary_large_image","twitter_misc":{"Gesch\u00e4tzte Lesezeit":"1 Minute"},"schema":{"@context":"https:\/\/schema.org","@graph":[{"@type":"WebPage","@id":"https:\/\/double-you-weddings.com\/contact-international-weddings-munich\/","url":"https:\/\/double-you-weddings.com\/contact-international-weddings-munich\/","name":"Kontakt - Double You Weddings by Katarina Winbush","isPartOf":{"@id":"https:\/\/double-you-weddings.com\/#website"},"primaryImageOfPage":{"@id":"https:\/\/double-you-weddings.com\/contact-international-weddings-munich\/#primaryimage"},"image":{"@id":"https:\/\/double-you-weddings.com\/contact-international-weddings-munich\/#primaryimage"},"thumbnailUrl":"https:\/\/double-you-weddings.com\/wp-content\/uploads\/2022\/11\/pexels-kyle-roxas-2122351-scaled.jpg","datePublished":"2022-08-01T15:26:00+00:00","dateModified":"2022-11-24T20:51:07+00:00","description":"Wir lieben es, internationale, multikulturelle und vielf\u00e4ltige Hochzeiten zu planen. Ihr k\u00f6nnt uns auf Englisch, Deutsch, Spanisch, Slowenisch und Kroatisch kontaktieren.","breadcrumb":{"@id":"https:\/\/double-you-weddings.com\/contact-international-weddings-munich\/#breadcrumb"},"inLanguage":"de-DE","potentialAction":[{"@type":"ReadAction","target":["https:\/\/double-you-weddings.com\/contact-international-weddings-munich\/"]}]},{"@type":"ImageObject","inLanguage":"de-DE","@id":"https:\/\/double-you-weddings.com\/contact-international-weddings-munich\/#primaryimage","url":"https:\/\/double-you-weddings.com\/wp-content\/uploads\/2022\/11\/pexels-kyle-roxas-2122351-scaled.jpg","contentUrl":"https:\/\/double-you-weddings.com\/wp-content\/uploads\/2022\/11\/pexels-kyle-roxas-2122351-scaled.jpg","width":1706,"height":2560,"caption":"contact wedding planner"},{"@type":"BreadcrumbList","@id":"https:\/\/double-you-weddings.com\/contact-international-weddings-munich\/#breadcrumb","itemListElement":[{"@type":"ListItem","position":1,"name":"Home","item":"https:\/\/double-you-weddings.com\/"},{"@type":"ListItem","position":2,"name":"Contact"}]},{"@type":"WebSite","@id":"https:\/\/double-you-weddings.com\/#website","url":"https:\/\/double-you-weddings.com\/","name":"Double You Weddings by Katarina Winbush","description":"Internationale Hochzeitsplaner M\u00fcnchen","publisher":{"@id":"https:\/\/double-you-weddings.com\/#organization"},"potentialAction":[{"@type":"SearchAction","target":{"@type":"EntryPoint","urlTemplate":"https:\/\/double-you-weddings.com\/?s={search_term_string}"},"query-input":{"@type":"PropertyValueSpecification","valueRequired":true,"valueName":"search_term_string"}}],"inLanguage":"de-DE"},{"@type":"Organization","@id":"https:\/\/double-you-weddings.com\/#organization","name":"Double You Weddings - Exklusive, hochwertige Hochzeitsplaner M\u00fcnchen","url":"https:\/\/double-you-weddings.com\/","logo":{"@type":"ImageObject","inLanguage":"de-DE","@id":"https:\/\/double-you-weddings.com\/#\/schema\/logo\/image\/","url":"https:\/\/double-you-weddings.com\/wp-content\/uploads\/2022\/07\/Double-You-Weddings-Munich-Katarina-Winbush-round-logo-orig-1.png","contentUrl":"https:\/\/double-you-weddings.com\/wp-content\/uploads\/2022\/07\/Double-You-Weddings-Munich-Katarina-Winbush-round-logo-orig-1.png","width":1200,"height":1200,"caption":"Double You Weddings - Exclusive, High-end Wedding Planner Munich"},"image":{"@id":"https:\/\/double-you-weddings.com\/#\/schema\/logo\/image\/"},"sameAs":["https:\/\/www.facebook.com\/profile.php?id=100082235456567","https:\/\/www.instagram.com\/double_you_weddings\/"]}]}},"_links":{"self":[{"href":"https:\/\/double-you-weddings.com\/de\/wp-json\/wp\/v2\/pages\/1792"}],"collection":[{"href":"https:\/\/double-you-weddings.com\/de\/wp-json\/wp\/v2\/pages"}],"about":[{"href":"https:\/\/double-you-weddings.com\/de\/wp-json\/wp\/v2\/types\/page"}],"author":[{"embeddable":true,"href":"https:\/\/double-you-weddings.com\/de\/wp-json\/wp\/v2\/users\/1"}],"replies":[{"embeddable":true,"href":"https:\/\/double-you-weddings.com\/de\/wp-json\/wp\/v2\/comments?post=1792"}],"version-history":[{"count":128,"href":"https:\/\/double-you-weddings.com\/de\/wp-json\/wp\/v2\/pages\/1792\/revisions"}],"predecessor-version":[{"id":8564,"href":"https:\/\/double-you-weddings.com\/de\/wp-json\/wp\/v2\/pages\/1792\/revisions\/8564"}],"wp:featuredmedia":[{"embeddable":true,"href":"https:\/\/double-you-weddings.com\/de\/wp-json\/wp\/v2\/media\/8380"}],"wp:attachment":[{"href":"https:\/\/double-you-weddings.com\/de\/wp-json\/wp\/v2\/media?parent=1792"}],"curies":[{"name":"wp","href":"https:\/\/api.w.org\/{rel}","templated":true}]}}