{"id":6060,"date":"2022-07-10T13:16:33","date_gmt":"2022-07-10T13:16:33","guid":{"rendered":"https:\/\/double-you-weddings.com\/?page_id=6060"},"modified":"2023-07-31T11:13:06","modified_gmt":"2023-07-31T09:13:06","slug":"imprint-impressum","status":"publish","type":"page","link":"https:\/\/double-you-weddings.com\/de\/imprint-impressum\/","title":{"rendered":"Imprint &#8211; Impressum"},"content":{"rendered":"<div data-elementor-type=\"wp-page\" data-elementor-id=\"6060\" class=\"elementor elementor-6060\">\n\t\t\t\t\t\t<section class=\"elementor-section elementor-top-section elementor-element elementor-element-0d0e243 elementor-section-boxed elementor-section-height-default elementor-section-height-default eltdf-parallax-row-no eltdf-content-aligment-left eltdf-elementor-row-grid-no eltdf-disabled-bg-image-bellow-no\" data-id=\"0d0e243\" data-element_type=\"section\">\n\t\t\t\t\t\t<div class=\"elementor-container elementor-column-gap-default\">\n\t\t\t\t\t<div class=\"elementor-column elementor-col-100 elementor-top-column elementor-element elementor-element-7ac80f9\" data-id=\"7ac80f9\" data-element_type=\"column\">\n\t\t\t<div class=\"elementor-widget-wrap\">\n\t\t\t\t\t\t\t<\/div>\n\t\t<\/div>\n\t\t\t\t\t<\/div>\n\t\t<\/section>\n\t\t\t\t<section class=\"elementor-section elementor-top-section elementor-element elementor-element-866af69 elementor-section-boxed elementor-section-height-default elementor-section-height-default eltdf-parallax-row-no eltdf-content-aligment-left eltdf-elementor-row-grid-no eltdf-disabled-bg-image-bellow-no\" data-id=\"866af69\" data-element_type=\"section\">\n\t\t\t\t\t\t<div class=\"elementor-container elementor-column-gap-default\">\n\t\t\t\t\t<div class=\"elementor-column elementor-col-100 elementor-top-column elementor-element elementor-element-6b73f38\" data-id=\"6b73f38\" data-element_type=\"column\">\n\t\t\t<div class=\"elementor-widget-wrap elementor-element-populated\">\n\t\t\t\t\t\t<div class=\"elementor-element elementor-element-9bb7d79 elementor-widget elementor-widget-text-editor\" data-id=\"9bb7d79\" data-element_type=\"widget\" data-widget_type=\"text-editor.default\">\n\t\t\t\t<div class=\"elementor-widget-container\">\n\t\t\t\t\t\t\t\t\t<h1><span style=\"background-color: #ffffff;\">IMPRINT<\/span><\/h1>\t\t\t\t\t\t\t\t<\/div>\n\t\t\t\t<\/div>\n\t\t\t\t\t<\/div>\n\t\t<\/div>\n\t\t\t\t\t<\/div>\n\t\t<\/section>\n\t\t\t\t<section class=\"elementor-section elementor-top-section elementor-element elementor-element-031477b elementor-section-boxed elementor-section-height-default elementor-section-height-default eltdf-parallax-row-no eltdf-content-aligment-left eltdf-elementor-row-grid-no eltdf-disabled-bg-image-bellow-no\" data-id=\"031477b\" data-element_type=\"section\">\n\t\t\t\t\t\t<div class=\"elementor-container elementor-column-gap-default\">\n\t\t\t\t\t<div class=\"elementor-column elementor-col-100 elementor-top-column elementor-element elementor-element-8cb0e8d\" data-id=\"8cb0e8d\" data-element_type=\"column\">\n\t\t\t<div class=\"elementor-widget-wrap elementor-element-populated\">\n\t\t\t\t\t\t<div class=\"elementor-element elementor-element-e8f61ec elementor-widget elementor-widget-text-editor\" data-id=\"e8f61ec\" data-element_type=\"widget\" data-widget_type=\"text-editor.default\">\n\t\t\t\t<div class=\"elementor-widget-container\">\n\t\t\t\t\t\t\t\t\t<h2><span style=\"background-color: #ffffff;\">Site Notice<\/span><\/h2>\t\t\t\t\t\t\t\t<\/div>\n\t\t\t\t<\/div>\n\t\t\t\t\t<\/div>\n\t\t<\/div>\n\t\t\t\t\t<\/div>\n\t\t<\/section>\n\t\t\t\t<section class=\"elementor-section elementor-top-section elementor-element elementor-element-38e59ac elementor-section-boxed elementor-section-height-default elementor-section-height-default eltdf-parallax-row-no eltdf-content-aligment-left eltdf-elementor-row-grid-no eltdf-disabled-bg-image-bellow-no\" data-id=\"38e59ac\" data-element_type=\"section\">\n\t\t\t\t\t\t<div class=\"elementor-container elementor-column-gap-default\">\n\t\t\t\t\t<div class=\"elementor-column elementor-col-100 elementor-top-column elementor-element elementor-element-315a777\" data-id=\"315a777\" data-element_type=\"column\">\n\t\t\t<div class=\"elementor-widget-wrap elementor-element-populated\">\n\t\t\t\t\t\t<div class=\"elementor-element elementor-element-1a29be2 elementor-widget elementor-widget-text-editor\" data-id=\"1a29be2\" data-element_type=\"widget\" data-widget_type=\"text-editor.default\">\n\t\t\t\t<div class=\"elementor-widget-container\">\n\t\t\t\t\t\t\t\t\t<h3>Information pursuant to Sect. 5 German Telemedia Act (TMG)<\/h3>\t\t\t\t\t\t\t\t<\/div>\n\t\t\t\t<\/div>\n\t\t\t\t\t<\/div>\n\t\t<\/div>\n\t\t\t\t\t<\/div>\n\t\t<\/section>\n\t\t\t\t<section class=\"elementor-section elementor-top-section elementor-element elementor-element-693cd81 elementor-section-boxed elementor-section-height-default elementor-section-height-default eltdf-parallax-row-no eltdf-content-aligment-left eltdf-elementor-row-grid-no eltdf-disabled-bg-image-bellow-no\" data-id=\"693cd81\" data-element_type=\"section\">\n\t\t\t\t\t\t<div class=\"elementor-container elementor-column-gap-default\">\n\t\t\t\t\t<div class=\"elementor-column elementor-col-100 elementor-top-column elementor-element elementor-element-9962fff\" data-id=\"9962fff\" data-element_type=\"column\">\n\t\t\t<div class=\"elementor-widget-wrap elementor-element-populated\">\n\t\t\t\t\t\t<div class=\"elementor-element elementor-element-d75a2d9 elementor-widget elementor-widget-text-editor\" data-id=\"d75a2d9\" data-element_type=\"widget\" data-widget_type=\"text-editor.default\">\n\t\t\t\t<div class=\"elementor-widget-container\">\n\t\t\t\t\t\t\t\t\t<h5>Double You Weddings<\/h5><p><em>Katarina Winbush<br \/>Wedding &amp; <\/em><em>Event Planner<\/em><\/p><p>Wimmerstr. 14<br \/>80927 Munich<\/p><h5><strong>\u00a0<\/strong><br \/>Kontakt<\/h5><p>Phone: +49 (0)160 470 1863<br \/>E-Mail: katarina.w@double-you-weddings.com<br \/><strong>Editorially responsible:<\/strong> Katarina Winbush<\/p><p><strong>\u00a0<\/strong><\/p><p><strong>EU Dispute Resolution<\/strong><br \/>The European Commission provides a platform for online dispute resolution (OS): https:\/\/ec.europa.eu\/consumers\/odr\/.<\/p><p>Our e-mail address can be found above in the site notice.<\/p><p><strong>Dispute resolution proceedings in front of a consumer arbitration<\/strong><br \/><strong>board<\/strong><br \/>We are not willing or obliged to participate in dispute resolution proceedings before a consumer arbitration board.<\/p><p><strong>\u00a0<\/strong><\/p><p><strong>Disclaimer<\/strong><br \/>Liability for contents<br \/>As a service provider, we are responsible for our own content on these pages in accordance with the general laws pursuant to \u00a7 7 Para.1 TMG. According to \u00a7\u00a7 8 to 10 TMG, we are not obligated to monitor transmitted or stored information or to investigate circumstances that indicate illegal activity.<\/p><p>Obligations to remove or block the use of information under the general laws remain unaffected. However, liability in this regard is only possible from the point in time at which a concrete infringement of the law becomes known. If we become aware of any such infringements, we will remove the relevant content immediately.<\/p><p><strong>\u00a0<\/strong><\/p><p><strong>Liability for links<\/strong><br \/>Our offer contains links to external websites of third parties, on whose contents we have no influence. Therefore, we cannot assume any liability for these external contents. The respective provider or operator of the sites is always responsible for the content of the linked sites. The linked pages were checked for possible legal violations at the time of linking. Illegal contents were not recognizable at the time of linking.<\/p><p>However, a permanent control of the contents of the linked pages is not reasonable without concrete evidence of a violation of the law. If we become aware of any infringements, we will remove such links immediately.<\/p><p><strong>\u00a0<\/strong><\/p><p><strong>Copyright<\/strong><br \/>The content and works created by the site operators on these pages are subject to German copyright law. Duplication, processing, distribution, or any form of commercialization of such material beyond the scope of the copyright law shall require the prior written consent of its respective author or creator. Downloads and copies of this site are only permitted for private, non-commercial use.<\/p><p>Insofar as the content on this site was not created by the operator, the copyrights of third parties are respected. In particular, third-party content is identified as such. Should you nevertheless become aware of a copyright infringement, please inform us accordingly. If we become aware of any infringements, we will remove such content immediately.<\/p><p><em>The German version of this privacy policy is authoritative. The English version is for information purposes only.<\/em><\/p>\t\t\t\t\t\t\t\t<\/div>\n\t\t\t\t<\/div>\n\t\t\t\t<div class=\"elementor-element elementor-element-02632ed elementor-widget elementor-widget-spacer\" data-id=\"02632ed\" data-element_type=\"widget\" data-widget_type=\"spacer.default\">\n\t\t\t\t<div class=\"elementor-widget-container\">\n\t\t\t\t\t\t\t<div class=\"elementor-spacer\">\n\t\t\t<div class=\"elementor-spacer-inner\"><\/div>\n\t\t<\/div>\n\t\t\t\t\t\t<\/div>\n\t\t\t\t<\/div>\n\t\t\t\t<div class=\"elementor-element elementor-element-4942cd9 elementor-widget elementor-widget-html\" data-id=\"4942cd9\" data-element_type=\"widget\" data-widget_type=\"html.default\">\n\t\t\t\t<div class=\"elementor-widget-container\">\n\t\t\t\t\t<h2>Impressum<\/h2>\r\n\r\n<h5>Angaben gem&auml;&szlig; &sect; 5 TMG<\/h5>\r\n<p>Katarina Winbush<br \/>\r\nErikaweg 1<br \/>\r\n85586 Poing<\/p>\r\n\r\n<h5>Kontakt<\/h5>\r\n<p>Telefon: +49 (0)160 470 1863<br \/>\r\nE-Mail: katarina.w@double-you-weddings.com<\/p>\r\n\r\n<h5>Redaktionell verantwortlich<\/h5>\r\n<p>Katarina Winbush<\/p>\r\n\r\n<h5>EU-Streitschlichtung<\/h5>\r\n<p>Die Europ&auml;ische Kommission stellt eine Plattform zur Online-Streitbeilegung (OS) bereit: <a href=\"https:\/\/ec.europa.eu\/consumers\/odr\/\" target=\"_blank\" rel=\"noopener noreferrer\">https:\/\/ec.europa.eu\/consumers\/odr\/<\/a>.<br \/> Unsere E-Mail-Adresse finden Sie oben im Impressum.<\/p>\r\n\r\n<h5>Verbraucher&shy;streit&shy;beilegung\/Universal&shy;schlichtungs&shy;stelle<\/h5>\r\n<p>Wir sind nicht bereit oder verpflichtet, an Streitbeilegungsverfahren vor einer Verbraucherschlichtungsstelle teilzunehmen.<\/p>\r\n\r\n\r\n<h5>Disclaimer<\/h5>\r\n\r\n<h5>Haftung f\u00fcr Inhalte<\/h5>\r\n\r\n<p>Als Diensteanbieter sind wir gem\u00e4\u00df \u00a7 7 Abs.1 TMG f\u00fcr eigene Inhalte auf diesen Seiten nach den allgemeinen Gesetzen verantwortlich. Nach \u00a7\u00a7 8 bis 10 TMG sind wir als Diensteanbieter jedoch nicht verpflichtet, \u00fcbermittelte oder gespeicherte fremde Informationen zu \u00fcberwachen oder nach Umst\u00e4nden zu forschen, die auf eine rechtswidrige T\u00e4tigkeit hinweisen.<\/p>\r\n\r\n<p>Verpflichtungen zur Entfernung oder Sperrung der Nutzung von Informationen nach den allgemeinen Gesetzen bleiben hiervon unber\u00fchrt. Eine diesbez\u00fcgliche Haftung ist jedoch erst ab dem Zeitpunkt der Kenntnis einer konkreten Rechtsverletzung m\u00f6glich. Bei Bekanntwerden von entsprechenden Rechtsverletzungen werden wir diese Inhalte umgehend entfernen.<\/p>\r\n\r\n<h5>Haftung f\u00fcr Links<\/h5>\r\n\r\n<p>Unser Angebot enth\u00e4lt Links zu externen Websites Dritter, auf deren Inhalte wir keinen Einfluss haben. Deshalb k\u00f6nnen wir f\u00fcr diese fremden Inhalte auch keine Gew\u00e4hr \u00fcbernehmen. F\u00fcr die Inhalte der verlinkten Seiten ist stets der jeweilige Anbieter oder Betreiber der Seiten verantwortlich. Die verlinkten Seiten wurden zum Zeitpunkt der Verlinkung auf m\u00f6gliche Rechtsverst\u00f6\u00dfe \u00fcberpr\u00fcft. Rechtswidrige Inhalte waren zum Zeitpunkt der Verlinkung nicht erkennbar.<\/p>\r\n\r\n<p>Eine permanente inhaltliche Kontrolle der verlinkten Seiten ist jedoch ohne konkrete Anhaltspunkte einer Rechtsverletzung nicht zumutbar. Bei Bekanntwerden von Rechtsverletzungen werden wir derartige Links umgehend entfernen.<\/p>\r\n\r\n\r\n<h5>Urheberrecht<\/h5>\r\n\r\n<p>Die durch die Seitenbetreiber erstellten Inhalte und Werke auf diesen Seiten unterliegen dem deutschen Urheberrecht. Die Vervielf\u00e4ltigung, Bearbeitung, Verbreitung und jede Art der Verwertung au\u00dferhalb der Grenzen des Urheberrechtes bed\u00fcrfen der schriftlichen Zustimmung des jeweiligen Autors bzw. Erstellers. Downloads und Kopien dieser Seite sind nur f\u00fcr den privaten, nicht kommerziellen Gebrauch gestattet.<\/p>\r\n\r\n<p>Soweit die Inhalte auf dieser Seite nicht vom Betreiber erstellt wurden, werden die Urheberrechte Dritter beachtet. Insbesondere werden Inhalte Dritter als solche gekennzeichnet. Sollten Sie trotzdem auf eine Urheberrechtsverletzung aufmerksam werden, bitten wir um einen entsprechenden Hinweis. Bei Bekanntwerden von Rechtsverletzungen werden wir derartige Inhalte umgehend entfernen.<\/p>\r\n\r\n<p>Quelle: <a href=\"https:\/\/www.e-recht24.de\/impressum-generator.html\">https:\/\/www.e-recht24.de\/impressum-generator.html<\/a><\/p>\t\t\t\t<\/div>\n\t\t\t\t<\/div>\n\t\t\t\t\t<\/div>\n\t\t<\/div>\n\t\t\t\t\t<\/div>\n\t\t<\/section>\n\t\t\t\t<\/div>","protected":false},"excerpt":{"rendered":"<p>IMPRINT Site Notice Information pursuant to Sect. 5 German Telemedia Act (TMG) Double You Weddings Katarina WinbushWedding &amp; Event Planner Wimmerstr. 1480927 Munich \u00a0Contact Phone: +49 (0)160 470 1863E-Mail: katarina.w@double-you-weddings.comEditorially responsible: Katarina Winbush \u00a0 EU Dispute ResolutionThe European Commission provides a platform for online dispute resolution (OS): https:\/\/ec.europa.eu\/consumers\/odr\/. Our e-mail address can be found above in the [&hellip;]<\/p>\n","protected":false},"author":1,"featured_media":0,"parent":0,"menu_order":0,"comment_status":"closed","ping_status":"closed","template":"","meta":{"footnotes":""},"yoast_head":"<!-- This site is optimized with the Yoast SEO plugin v23.5 - https:\/\/yoast.com\/wordpress\/plugins\/seo\/ -->\n<title>Imprint - Impressum - Double You Weddings by Katarina Winbush<\/title>\n<meta name=\"description\" content=\"Imprint - Impressum: Double You Weddings Katarina Winbush, Contact, Disclaimer, Liability, Copyright.\" \/>\n<meta name=\"robots\" content=\"index, follow, max-snippet:-1, max-image-preview:large, max-video-preview:-1\" \/>\n<link rel=\"canonical\" href=\"https:\/\/double-you-weddings.com\/de\/imprint-impressum\/\" \/>\n<meta property=\"og:locale\" content=\"de_DE\" \/>\n<meta property=\"og:type\" content=\"article\" \/>\n<meta property=\"og:title\" content=\"Imprint - Impressum\" \/>\n<meta property=\"og:description\" content=\"Imprint - Impressum: Double You Weddings Katarina Winbush, Contact, Disclaimer, Liability, Copyright.\" \/>\n<meta property=\"og:url\" content=\"https:\/\/double-you-weddings.com\/de\/imprint-impressum\/\" \/>\n<meta property=\"og:site_name\" content=\"Double You Weddings by Katarina Winbush\" \/>\n<meta property=\"article:publisher\" content=\"https:\/\/www.facebook.com\/profile.php?id=100082235456567\" \/>\n<meta property=\"article:modified_time\" content=\"2023-07-31T09:13:06+00:00\" \/>\n<meta property=\"og:image\" content=\"https:\/\/double-you-weddings.com\/wp-content\/uploads\/2022\/07\/Double-You-Weddings-Munich-Katarina-Winbush-5.png\" \/>\n\t<meta property=\"og:image:width\" content=\"750\" \/>\n\t<meta property=\"og:image:height\" content=\"750\" \/>\n\t<meta property=\"og:image:type\" content=\"image\/png\" \/>\n<meta name=\"twitter:card\" content=\"summary_large_image\" \/>\n<meta name=\"twitter:label1\" content=\"Gesch\u00e4tzte Lesezeit\" \/>\n\t<meta name=\"twitter:data1\" content=\"4 Minuten\" \/>\n<script type=\"application\/ld+json\" class=\"yoast-schema-graph\">{\"@context\":\"https:\/\/schema.org\",\"@graph\":[{\"@type\":\"WebPage\",\"@id\":\"https:\/\/double-you-weddings.com\/imprint-impressum\/\",\"url\":\"https:\/\/double-you-weddings.com\/imprint-impressum\/\",\"name\":\"Imprint - Impressum - Double You Weddings by Katarina Winbush\",\"isPartOf\":{\"@id\":\"https:\/\/double-you-weddings.com\/#website\"},\"datePublished\":\"2022-07-10T13:16:33+00:00\",\"dateModified\":\"2023-07-31T09:13:06+00:00\",\"description\":\"Imprint - Impressum: Double You Weddings Katarina Winbush, Contact, Disclaimer, Liability, Copyright.\",\"breadcrumb\":{\"@id\":\"https:\/\/double-you-weddings.com\/imprint-impressum\/#breadcrumb\"},\"inLanguage\":\"de-DE\",\"potentialAction\":[{\"@type\":\"ReadAction\",\"target\":[\"https:\/\/double-you-weddings.com\/imprint-impressum\/\"]}]},{\"@type\":\"BreadcrumbList\",\"@id\":\"https:\/\/double-you-weddings.com\/imprint-impressum\/#breadcrumb\",\"itemListElement\":[{\"@type\":\"ListItem\",\"position\":1,\"name\":\"Home\",\"item\":\"https:\/\/double-you-weddings.com\/\"},{\"@type\":\"ListItem\",\"position\":2,\"name\":\"Imprint &#8211; Impressum\"}]},{\"@type\":\"WebSite\",\"@id\":\"https:\/\/double-you-weddings.com\/#website\",\"url\":\"https:\/\/double-you-weddings.com\/\",\"name\":\"Double You Weddings by Katarina Winbush\",\"description\":\"International Wedding Planner Munich\",\"publisher\":{\"@id\":\"https:\/\/double-you-weddings.com\/#organization\"},\"potentialAction\":[{\"@type\":\"SearchAction\",\"target\":{\"@type\":\"EntryPoint\",\"urlTemplate\":\"https:\/\/double-you-weddings.com\/?s={search_term_string}\"},\"query-input\":{\"@type\":\"PropertyValueSpecification\",\"valueRequired\":true,\"valueName\":\"search_term_string\"}}],\"inLanguage\":\"de-DE\"},{\"@type\":\"Organization\",\"@id\":\"https:\/\/double-you-weddings.com\/#organization\",\"name\":\"Double You Weddings - Exclusive, High-end Wedding Planner Munich\",\"url\":\"https:\/\/double-you-weddings.com\/\",\"logo\":{\"@type\":\"ImageObject\",\"inLanguage\":\"de-DE\",\"@id\":\"https:\/\/double-you-weddings.com\/#\/schema\/logo\/image\/\",\"url\":\"https:\/\/double-you-weddings.com\/wp-content\/uploads\/2022\/07\/Double-You-Weddings-Munich-Katarina-Winbush-round-logo-orig-1.png\",\"contentUrl\":\"https:\/\/double-you-weddings.com\/wp-content\/uploads\/2022\/07\/Double-You-Weddings-Munich-Katarina-Winbush-round-logo-orig-1.png\",\"width\":1200,\"height\":1200,\"caption\":\"Double You Weddings - Exclusive, High-end Wedding Planner Munich\"},\"image\":{\"@id\":\"https:\/\/double-you-weddings.com\/#\/schema\/logo\/image\/\"},\"sameAs\":[\"https:\/\/www.facebook.com\/profile.php?id=100082235456567\",\"https:\/\/www.instagram.com\/double_you_weddings\/\"]}]}<\/script>\n<!-- \/ Yoast SEO plugin. -->","yoast_head_json":{"title":"Imprint - Impressum - Double You Weddings by Katarina Winbush","description":"Imprint - Impressum: Double You Weddings Katarina Winbush, Contact, Disclaimer, Liability, Copyright.","robots":{"index":"index","follow":"follow","max-snippet":"max-snippet:-1","max-image-preview":"max-image-preview:large","max-video-preview":"max-video-preview:-1"},"canonical":"https:\/\/double-you-weddings.com\/de\/imprint-impressum\/","og_locale":"de_DE","og_type":"article","og_title":"Imprint - Impressum","og_description":"Imprint - Impressum: Double You Weddings Katarina Winbush, Contact, Disclaimer, Liability, Copyright.","og_url":"https:\/\/double-you-weddings.com\/de\/imprint-impressum\/","og_site_name":"Double You Weddings by Katarina Winbush","article_publisher":"https:\/\/www.facebook.com\/profile.php?id=100082235456567","article_modified_time":"2023-07-31T09:13:06+00:00","og_image":[{"width":750,"height":750,"url":"https:\/\/double-you-weddings.com\/wp-content\/uploads\/2022\/07\/Double-You-Weddings-Munich-Katarina-Winbush-5.png","type":"image\/png"}],"twitter_card":"summary_large_image","twitter_misc":{"Gesch\u00e4tzte Lesezeit":"4 Minuten"},"schema":{"@context":"https:\/\/schema.org","@graph":[{"@type":"WebPage","@id":"https:\/\/double-you-weddings.com\/imprint-impressum\/","url":"https:\/\/double-you-weddings.com\/imprint-impressum\/","name":"Imprint - Impressum - Double You Weddings by Katarina Winbush","isPartOf":{"@id":"https:\/\/double-you-weddings.com\/#website"},"datePublished":"2022-07-10T13:16:33+00:00","dateModified":"2023-07-31T09:13:06+00:00","description":"Imprint - Impressum: Double You Weddings Katarina Winbush, Contact, Disclaimer, Liability, Copyright.","breadcrumb":{"@id":"https:\/\/double-you-weddings.com\/imprint-impressum\/#breadcrumb"},"inLanguage":"de-DE","potentialAction":[{"@type":"ReadAction","target":["https:\/\/double-you-weddings.com\/imprint-impressum\/"]}]},{"@type":"BreadcrumbList","@id":"https:\/\/double-you-weddings.com\/imprint-impressum\/#breadcrumb","itemListElement":[{"@type":"ListItem","position":1,"name":"Home","item":"https:\/\/double-you-weddings.com\/"},{"@type":"ListItem","position":2,"name":"Imprint &#8211; Impressum"}]},{"@type":"WebSite","@id":"https:\/\/double-you-weddings.com\/#website","url":"https:\/\/double-you-weddings.com\/","name":"Double You Weddings by Katarina Winbush","description":"Internationale Hochzeitsplaner M\u00fcnchen","publisher":{"@id":"https:\/\/double-you-weddings.com\/#organization"},"potentialAction":[{"@type":"SearchAction","target":{"@type":"EntryPoint","urlTemplate":"https:\/\/double-you-weddings.com\/?s={search_term_string}"},"query-input":{"@type":"PropertyValueSpecification","valueRequired":true,"valueName":"search_term_string"}}],"inLanguage":"de-DE"},{"@type":"Organization","@id":"https:\/\/double-you-weddings.com\/#organization","name":"Double You Weddings - Exklusive, hochwertige Hochzeitsplaner M\u00fcnchen","url":"https:\/\/double-you-weddings.com\/","logo":{"@type":"ImageObject","inLanguage":"de-DE","@id":"https:\/\/double-you-weddings.com\/#\/schema\/logo\/image\/","url":"https:\/\/double-you-weddings.com\/wp-content\/uploads\/2022\/07\/Double-You-Weddings-Munich-Katarina-Winbush-round-logo-orig-1.png","contentUrl":"https:\/\/double-you-weddings.com\/wp-content\/uploads\/2022\/07\/Double-You-Weddings-Munich-Katarina-Winbush-round-logo-orig-1.png","width":1200,"height":1200,"caption":"Double You Weddings - Exclusive, High-end Wedding Planner Munich"},"image":{"@id":"https:\/\/double-you-weddings.com\/#\/schema\/logo\/image\/"},"sameAs":["https:\/\/www.facebook.com\/profile.php?id=100082235456567","https:\/\/www.instagram.com\/double_you_weddings\/"]}]}},"_links":{"self":[{"href":"https:\/\/double-you-weddings.com\/de\/wp-json\/wp\/v2\/pages\/6060"}],"collection":[{"href":"https:\/\/double-you-weddings.com\/de\/wp-json\/wp\/v2\/pages"}],"about":[{"href":"https:\/\/double-you-weddings.com\/de\/wp-json\/wp\/v2\/types\/page"}],"author":[{"embeddable":true,"href":"https:\/\/double-you-weddings.com\/de\/wp-json\/wp\/v2\/users\/1"}],"replies":[{"embeddable":true,"href":"https:\/\/double-you-weddings.com\/de\/wp-json\/wp\/v2\/comments?post=6060"}],"version-history":[{"count":33,"href":"https:\/\/double-you-weddings.com\/de\/wp-json\/wp\/v2\/pages\/6060\/revisions"}],"predecessor-version":[{"id":8614,"href":"https:\/\/double-you-weddings.com\/de\/wp-json\/wp\/v2\/pages\/6060\/revisions\/8614"}],"wp:attachment":[{"href":"https:\/\/double-you-weddings.com\/de\/wp-json\/wp\/v2\/media?parent=6060"}],"curies":[{"name":"wp","href":"https:\/\/api.w.org\/{rel}","templated":true}]}}